{"id":28,"date":"2023-09-12T14:20:56","date_gmt":"2023-09-12T12:20:56","guid":{"rendered":"https:\/\/thekitestudy.com\/german\/?page_id=28"},"modified":"2024-06-10T12:48:51","modified_gmt":"2024-06-10T10:48:51","slug":"faqs","status":"publish","type":"page","link":"https:\/\/thekitestudy.com\/german\/faqs\/","title":{"rendered":"FAQs"},"content":{"rendered":"<p>[et_pb_section fb_built=&#8221;1&#8243; _builder_version=&#8221;4.22.1&#8243; _module_preset=&#8221;default&#8221; background_image=&#8221;https:\/\/thekitestudy.com\/german\/wp-content\/uploads\/sites\/7\/2023\/09\/header-image-3.jpg&#8221; background_position=&#8221;top_center&#8221; custom_padding=&#8221;0px||0px||true|false&#8221; global_colors_info=&#8221;{}&#8221;][et_pb_row use_custom_gutter=&#8221;on&#8221; gutter_width=&#8221;1&#8243; make_equal=&#8221;on&#8221; _builder_version=&#8221;4.22.1&#8243; _module_preset=&#8221;default&#8221; width=&#8221;100%&#8221; max_width=&#8221;2560px&#8221; custom_padding=&#8221;0px||0px||true|false&#8221; global_colors_info=&#8221;{}&#8221;][et_pb_column type=&#8221;4_4&#8243; _builder_version=&#8221;4.22.1&#8243; _module_preset=&#8221;default&#8221; background_image=&#8221;https:\/\/thekitestudy.com\/german\/wp-content\/uploads\/sites\/7\/2023\/09\/triangle.svg&#8221; background_size=&#8221;contain&#8221; background_position=&#8221;top_right&#8221; custom_padding=&#8221;|80px|||false|false&#8221; custom_padding_tablet=&#8221;|80px|||false|false&#8221; custom_padding_phone=&#8221;|30px||30px|false|true&#8221; custom_padding_last_edited=&#8221;on|phone&#8221; background_last_edited=&#8221;on|phone&#8221; background_size_phone=&#8221;cover&#8221; custom_css_main_element=&#8221;min-height: 450px;||display: flex;||flex-direction: column;||justify-content: center;&#8221; global_colors_info=&#8221;{}&#8221;][et_pb_text _builder_version=&#8221;4.22.1&#8243; _module_preset=&#8221;default&#8221; text_orientation=&#8221;right&#8221; background_layout=&#8221;dark&#8221; custom_margin=&#8221;||20px||false|false&#8221; text_orientation_tablet=&#8221;right&#8221; text_orientation_phone=&#8221;center&#8221; text_orientation_last_edited=&#8221;on|phone&#8221; global_colors_info=&#8221;{}&#8221;]<\/p>\n<h1>H\u00e4ufig<br \/>Gestellte Fragen<\/h1>\n<p>[\/et_pb_text][\/et_pb_column][\/et_pb_row][\/et_pb_section][et_pb_section fb_built=&#8221;1&#8243; admin_label=&#8221;Gradient Strip&#8221; _builder_version=&#8221;4.22.1&#8243; _module_preset=&#8221;default&#8221; custom_padding=&#8221;0px||0px||true|false&#8221; global_module=&#8221;62&#8243; global_colors_info=&#8221;{}&#8221;][et_pb_row _builder_version=&#8221;4.22.1&#8243; _module_preset=&#8221;default&#8221; use_background_color_gradient=&#8221;on&#8221; background_color_gradient_direction=&#8221;90deg&#8221; background_color_gradient_stops=&#8221;#b2cb08 0%|#ffffff 100%&#8221; width=&#8221;100%&#8221; max_width=&#8221;2560px&#8221; height=&#8221;32px&#8221; custom_padding=&#8221;0px||0px||true|false&#8221; global_colors_info=&#8221;{}&#8221;][et_pb_column type=&#8221;4_4&#8243; _builder_version=&#8221;4.22.1&#8243; _module_preset=&#8221;default&#8221; global_colors_info=&#8221;{}&#8221;][\/et_pb_column][\/et_pb_row][\/et_pb_section][et_pb_section fb_built=&#8221;1&#8243; _builder_version=&#8221;4.22.1&#8243; _module_preset=&#8221;default&#8221; global_colors_info=&#8221;{}&#8221;][et_pb_row _builder_version=&#8221;4.22.1&#8243; _module_preset=&#8221;default&#8221; global_colors_info=&#8221;{}&#8221;][et_pb_column type=&#8221;4_4&#8243; _builder_version=&#8221;4.22.1&#8243; _module_preset=&#8221;default&#8221; global_colors_info=&#8221;{}&#8221;][et_pb_text _builder_version=&#8221;4.22.1&#8243; _module_preset=&#8221;default&#8221; global_colors_info=&#8221;{}&#8221;]<\/p>\n<h2><strong>1. Was ist eine klinische Forschungsstudie?<\/strong><\/h2>\n<p>Klinische Forschungsstudien sind Studien, die zur Pr\u00fcfung der Sicherheit und Wirksamkeit von Pr\u00fcfmedikamenten<br \/>durchgef\u00fchrt werden: Es nehmen Personen teil, die sich freiwillig melden.<\/p>\n<p>Bei klinischen Forschungsstudien werden die Patienten, die sich freiwillig zur Teilnahme bereit erkl\u00e4rt haben, \u00fcber<br \/>einen bestimmten Zeitraum beobachtet, um die Wirksamkeit des Arzneimittels zu testen und eventuelle<br \/>Nebenwirkungen zu \u00fcberwachen.<\/p>\n<p>Klinische Forschungsstudien werden unter Einhaltung strenger staatlicher und ethischer Richtlinien durchgef\u00fchrt, die<br \/>sicherstellen, dass die Rechte der Patienten gesch\u00fctzt werden. Klinische Forschungsstudien und Pr\u00fcfpr\u00e4parate<br \/>durchlaufen viele Genehmigungsstufen, bevor sie der \u00d6ffentlichkeit zug\u00e4nglich gemacht werden. Sie spielen eine<br \/>entscheidende Rolle f\u00fcr den Fortschritt in der Medizin.<\/p>\n<p>[\/et_pb_text][et_pb_text _builder_version=&#8221;4.22.1&#8243; _module_preset=&#8221;default&#8221; global_colors_info=&#8221;{}&#8221;]<\/p>\n<h2><strong>2. Worum geht es in dieser Studie?<\/strong><\/h2>\n<p>Sarkoidose ist eine systemische Erkrankung unbekannten Ursprungs, die durch die Bildung nicht-verk\u00e4sender<br \/>Granulome in verschiedenen Organen, haupts\u00e4chlich in der Lunge und im Lymphsystem, gekennzeichnet ist. \u00dcber<br \/>90 % der Sarkoidosepatienten entwickeln eine Lungensarkoidose, die sich durch Granulombildung in der Lunge<br \/>manifestiert.<\/p>\n<p>Derzeit verf\u00fcgbare Therapien zur Behandlung der Sarkoidose zielen darauf ab, die Granulombildung zu<br \/>verlangsamen, die Symptome zu lindern und die Organfunktion zu erhalten. Diese Therapien, insbesondere<br \/>Kortikosteroide und Immunsuppressiva, sind h\u00e4ufig mit schwerwiegenden, langfristigen Nebenwirkungen<br \/>verbunden, die ihre Wirksamkeit einschr\u00e4nken. Derzeit gibt es kein spezielles Heilmittel f\u00fcr Sarkoidose. Eine<br \/>wirksame und sichere Therapie bleibt ein bisher ungedeckter medizinischer Bedarf. Daher untersuchen<br \/>Wissenschaftler alternative Behandlungsmethoden, wie die in dieser Studie vorgeschlagene.<\/p>\n<p>In der Studie wird ein Pr\u00fcfpr\u00e4parat zum ersten Mal bei Patienten mit Lungensarkoidose getestet. Ziel der Studie ist<br \/>es, dieses Pr\u00fcfpr\u00e4parat im Hinblick auf die Eind\u00e4mmung der Entz\u00fcndung zu bewerten und seine Sicherheit zu<br \/>beurteilen.<\/p>\n<p>Die Patienten, die sich f\u00fcr die Studie registrieren lassen, werden nach dem Zufallsprinzip entweder dem Pr\u00fcfpr\u00e4parat<br \/>oder einem Placebo zugewiesen. Ein Placebo sieht aus wie das Pr\u00fcfpr\u00e4parat, hat aber keine Wirkung auf die Person,<br \/>die es erh\u00e4lt.<\/p>\n<p>[\/et_pb_text][et_pb_text _builder_version=&#8221;4.22.1&#8243; _module_preset=&#8221;default&#8221; global_colors_info=&#8221;{}&#8221;]<\/p>\n<h2><strong>3. Wie lange dauert die Studie?<\/strong><\/h2>\n<p>Die Gesamtdauer der Studie betr\u00e4gt bis zu 18 Wochen. Teilnahmeberechtigte Patienten m\u00fcssen 7<br \/>Termine vor Ort und 3 Termine per Telemedizin wahrnehmen.<\/p>\n<p>Von jedem Patienten wird erwartet, dass er die Studie vollst\u00e4ndig durchl\u00e4uft und an allen<br \/>geplanten Vor-Ort- und Nachuntersuchungen teilnimmt.<\/p>\n<p>Ihre Reise- und Verpflegungskosten werden Ihnen erstattet.<\/p>\n<p>[\/et_pb_text][et_pb_text _builder_version=&#8221;4.22.1&#8243; _module_preset=&#8221;default&#8221; global_colors_info=&#8221;{}&#8221;]<\/p>\n<h2><strong>4. Wie l\u00e4uft diese Studie ab?<\/strong><\/h2>\n<p>Die Studie wird in Krankenh\u00e4usern oder Ambulanzen von medizinischem Personal durchgef\u00fchrt. Geeignete<br \/>Patienten werden gebeten, zu genau festgelegten Zeiten, den so genannten \u201eStudienbesuchen\u201c, ins Krankenhaus<br \/>oder in die Klinik zu kommen (7 Termine vor Ort und 3 telemedizinische Termine).<\/p>\n<p>F\u00fcr alle Patienten gibt es eine Screening-Phase, eine 12-w\u00f6chige Behandlungsphase und dann eine<br \/>Nachuntersuchung etwa 4 Wochen nach der letzten Dosis. Die Gesamtdauer der Studie betr\u00e4gt bis zu 18 Wochen.<\/p>\n<p>[\/et_pb_text][et_pb_text _builder_version=&#8221;4.22.1&#8243; _module_preset=&#8221;default&#8221; global_colors_info=&#8221;{}&#8221;]<\/p>\n<h2><strong>5. Kann ich die Teilnahme an der Studie abbrechen?<\/strong><\/h2>\n<p>Ja, es steht den Freiwilligen frei, die Studie jederzeit abzubrechen, ohne dass dies Auswirkungen auf ihre<br \/>gesetzlichen Rechte oder den Behandlungsstandard hat, den sie erhalten.<\/p>\n<p>[\/et_pb_text][\/et_pb_column][\/et_pb_row][\/et_pb_section]<\/p>\n","protected":false},"excerpt":{"rendered":"<p>H\u00e4ufigGestellte Fragen1. Was ist eine klinische Forschungsstudie? Klinische Forschungsstudien sind Studien, die zur Pr\u00fcfung der Sicherheit und Wirksamkeit von Pr\u00fcfmedikamentendurchgef\u00fchrt werden: Es nehmen Personen teil, die sich freiwillig melden. Bei klinischen Forschungsstudien werden die Patienten, die sich freiwillig zur Teilnahme bereit erkl\u00e4rt haben, \u00fcbereinen bestimmten Zeitraum beobachtet, um die Wirksamkeit des Arzneimittels zu testen und [&hellip;]<\/p>\n","protected":false},"author":4,"featured_media":0,"parent":0,"menu_order":0,"comment_status":"closed","ping_status":"closed","template":"","meta":{"_et_pb_use_builder":"on","_et_pb_old_content":"<!-- wp:divi\/placeholder \/-->","_et_gb_content_width":"","footnotes":""},"class_list":["post-28","page","type-page","status-publish","hentry"],"yoast_head":"<!-- This site is optimized with the Yoast SEO plugin v24.8.1 - https:\/\/yoast.com\/wordpress\/plugins\/seo\/ -->\n<title>FAQs - The Kite Study<\/title>\n<meta name=\"robots\" content=\"index, follow, max-snippet:-1, max-image-preview:large, max-video-preview:-1\" \/>\n<link rel=\"canonical\" href=\"https:\/\/thekitestudy.com\/german\/faqs\/\" \/>\n<meta property=\"og:locale\" content=\"en_US\" \/>\n<meta property=\"og:type\" content=\"article\" \/>\n<meta property=\"og:title\" content=\"FAQs - The Kite Study\" \/>\n<meta property=\"og:description\" content=\"H\u00e4ufigGestellte Fragen1. Was ist eine klinische Forschungsstudie? Klinische Forschungsstudien sind Studien, die zur Pr\u00fcfung der Sicherheit und Wirksamkeit von Pr\u00fcfmedikamentendurchgef\u00fchrt werden: Es nehmen Personen teil, die sich freiwillig melden. Bei klinischen Forschungsstudien werden die Patienten, die sich freiwillig zur Teilnahme bereit erkl\u00e4rt haben, \u00fcbereinen bestimmten Zeitraum beobachtet, um die Wirksamkeit des Arzneimittels zu testen und [&hellip;]\" \/>\n<meta property=\"og:url\" content=\"https:\/\/thekitestudy.com\/german\/faqs\/\" \/>\n<meta property=\"og:site_name\" content=\"The Kite Study\" \/>\n<meta property=\"article:modified_time\" content=\"2024-06-10T10:48:51+00:00\" \/>\n<meta name=\"twitter:card\" content=\"summary_large_image\" \/>\n<meta name=\"twitter:label1\" content=\"Est. reading time\" \/>\n\t<meta name=\"twitter:data1\" content=\"4 minutes\" \/>\n<script type=\"application\/ld+json\" class=\"yoast-schema-graph\">{\"@context\":\"https:\/\/schema.org\",\"@graph\":[{\"@type\":\"WebPage\",\"@id\":\"https:\/\/thekitestudy.com\/german\/faqs\/\",\"url\":\"https:\/\/thekitestudy.com\/german\/faqs\/\",\"name\":\"FAQs - The Kite Study\",\"isPartOf\":{\"@id\":\"https:\/\/thekitestudy.com\/german\/#website\"},\"datePublished\":\"2023-09-12T12:20:56+00:00\",\"dateModified\":\"2024-06-10T10:48:51+00:00\",\"breadcrumb\":{\"@id\":\"https:\/\/thekitestudy.com\/german\/faqs\/#breadcrumb\"},\"inLanguage\":\"en-ZA\",\"potentialAction\":[{\"@type\":\"ReadAction\",\"target\":[\"https:\/\/thekitestudy.com\/german\/faqs\/\"]}]},{\"@type\":\"BreadcrumbList\",\"@id\":\"https:\/\/thekitestudy.com\/german\/faqs\/#breadcrumb\",\"itemListElement\":[{\"@type\":\"ListItem\",\"position\":1,\"name\":\"Home\",\"item\":\"https:\/\/thekitestudy.com\/german\/\"},{\"@type\":\"ListItem\",\"position\":2,\"name\":\"FAQs\"}]},{\"@type\":\"WebSite\",\"@id\":\"https:\/\/thekitestudy.com\/german\/#website\",\"url\":\"https:\/\/thekitestudy.com\/german\/\",\"name\":\"The Kite Study\",\"description\":\"Pulmonary sarcoidosis clinical study\",\"potentialAction\":[{\"@type\":\"SearchAction\",\"target\":{\"@type\":\"EntryPoint\",\"urlTemplate\":\"https:\/\/thekitestudy.com\/german\/?s={search_term_string}\"},\"query-input\":{\"@type\":\"PropertyValueSpecification\",\"valueRequired\":true,\"valueName\":\"search_term_string\"}}],\"inLanguage\":\"en-ZA\"}]}<\/script>\n<!-- \/ Yoast SEO plugin. -->","yoast_head_json":{"title":"FAQs - The Kite Study","robots":{"index":"index","follow":"follow","max-snippet":"max-snippet:-1","max-image-preview":"max-image-preview:large","max-video-preview":"max-video-preview:-1"},"canonical":"https:\/\/thekitestudy.com\/german\/faqs\/","og_locale":"en_US","og_type":"article","og_title":"FAQs - The Kite Study","og_description":"H\u00e4ufigGestellte Fragen1. Was ist eine klinische Forschungsstudie? Klinische Forschungsstudien sind Studien, die zur Pr\u00fcfung der Sicherheit und Wirksamkeit von Pr\u00fcfmedikamentendurchgef\u00fchrt werden: Es nehmen Personen teil, die sich freiwillig melden. Bei klinischen Forschungsstudien werden die Patienten, die sich freiwillig zur Teilnahme bereit erkl\u00e4rt haben, \u00fcbereinen bestimmten Zeitraum beobachtet, um die Wirksamkeit des Arzneimittels zu testen und [&hellip;]","og_url":"https:\/\/thekitestudy.com\/german\/faqs\/","og_site_name":"The Kite Study","article_modified_time":"2024-06-10T10:48:51+00:00","twitter_card":"summary_large_image","twitter_misc":{"Est. reading time":"4 minutes"},"schema":{"@context":"https:\/\/schema.org","@graph":[{"@type":"WebPage","@id":"https:\/\/thekitestudy.com\/german\/faqs\/","url":"https:\/\/thekitestudy.com\/german\/faqs\/","name":"FAQs - The Kite Study","isPartOf":{"@id":"https:\/\/thekitestudy.com\/german\/#website"},"datePublished":"2023-09-12T12:20:56+00:00","dateModified":"2024-06-10T10:48:51+00:00","breadcrumb":{"@id":"https:\/\/thekitestudy.com\/german\/faqs\/#breadcrumb"},"inLanguage":"en-ZA","potentialAction":[{"@type":"ReadAction","target":["https:\/\/thekitestudy.com\/german\/faqs\/"]}]},{"@type":"BreadcrumbList","@id":"https:\/\/thekitestudy.com\/german\/faqs\/#breadcrumb","itemListElement":[{"@type":"ListItem","position":1,"name":"Home","item":"https:\/\/thekitestudy.com\/german\/"},{"@type":"ListItem","position":2,"name":"FAQs"}]},{"@type":"WebSite","@id":"https:\/\/thekitestudy.com\/german\/#website","url":"https:\/\/thekitestudy.com\/german\/","name":"The Kite Study","description":"Pulmonary sarcoidosis clinical study","potentialAction":[{"@type":"SearchAction","target":{"@type":"EntryPoint","urlTemplate":"https:\/\/thekitestudy.com\/german\/?s={search_term_string}"},"query-input":{"@type":"PropertyValueSpecification","valueRequired":true,"valueName":"search_term_string"}}],"inLanguage":"en-ZA"}]}},"_links":{"self":[{"href":"https:\/\/thekitestudy.com\/german\/wp-json\/wp\/v2\/pages\/28","targetHints":{"allow":["GET"]}}],"collection":[{"href":"https:\/\/thekitestudy.com\/german\/wp-json\/wp\/v2\/pages"}],"about":[{"href":"https:\/\/thekitestudy.com\/german\/wp-json\/wp\/v2\/types\/page"}],"author":[{"embeddable":true,"href":"https:\/\/thekitestudy.com\/german\/wp-json\/wp\/v2\/users\/4"}],"replies":[{"embeddable":true,"href":"https:\/\/thekitestudy.com\/german\/wp-json\/wp\/v2\/comments?post=28"}],"version-history":[{"count":8,"href":"https:\/\/thekitestudy.com\/german\/wp-json\/wp\/v2\/pages\/28\/revisions"}],"predecessor-version":[{"id":355,"href":"https:\/\/thekitestudy.com\/german\/wp-json\/wp\/v2\/pages\/28\/revisions\/355"}],"wp:attachment":[{"href":"https:\/\/thekitestudy.com\/german\/wp-json\/wp\/v2\/media?parent=28"}],"curies":[{"name":"wp","href":"https:\/\/api.w.org\/{rel}","templated":true}]}}